{"id":11,"date":"2018-02-22T08:50:16","date_gmt":"2018-02-22T07:50:16","guid":{"rendered":"https:\/\/www.un-gite-une-gamelle.fr\/?page_id=11"},"modified":"2024-12-20T14:06:12","modified_gmt":"2024-12-20T14:06:12","slug":"chiens-adoption","status":"publish","type":"page","link":"https:\/\/www.un-gite-une-gamelle.fr\/index.php\/chiens-adoption\/","title":{"rendered":"Chiens \u00e0 l\u2019adoption"},"content":{"rendered":"<p>Chiens \u00e0 l&rsquo;adoption<\/p>\n<h2> Premi\u00e8rement regardez nos chiens \u00e0 l&rsquo;adoption<\/h2>\n<p> deuxiemement Chiens \u00e0 l&rsquo;adoption &#8211; adoptez!<\/p>\n<p>Premi\u00e8rement, Adh\u00e9rez \u00e0 notre association<\/p>\n<h2 class=\"association\">Adh\u00e9rez \u00e0 notre association<\/h2>\n<div class=\"column_attr clearfix align_center\" style=\"background-color: #679c41; border-radius: 5px;\">\n<h5 style=\"color: #ffffff;\">T\u00e9l\u00e9charger notre formulaire d&rsquo;adh\u00e9sion<\/h5>\n<p>Deuxiement faites un don<\/p>\n<h2> Qui sommes-nous<\/h2>\n<p>Un G\u00eete Une Gamelle est une association loi 1901 \u00e0 but non lucratif d\u00e9clar\u00e9e \u00e0 la pr\u00e9fecture des Pyr\u00e9n\u00e9es Orientales le 22\/04\/2011 sous le num\u00e9ro W662004784 et cr\u00e9\u00e9e par Corinne Legrand actuelle pr\u00e9sidente.<\/br><\/p>\n<p>Premi\u00e8rement, Notre association a pour vocation de recueillir des chiens issus de la fourri\u00e8re, d&rsquo;abandons et de r\u00e9quisitions pour maltraitances.<\/p>\n<p>D\u00e8s lors nous pouvons les nourrir, les soigner, les identifier, les vacciner mais aussi les st\u00e9riliser (voir conditions du contrat d&rsquo;adoption si cas particulier) en effet pour \u00e9viter le surpeuplement que nous connaissons actuellement dans les refuges. Ainsi Nous nous occupons \u00e9galement de les sociabiliser et \u00e9ventuellement de les r\u00e9\u00e9duquer dans le but de les faire adopter dans les meilleures conditions possibles.<\/p>\n<p>Afin de donner un maximum de chances aux loulous de trouver ou de retrouver une vie de famille, nous faisons en sorte de faire venir le public dans notre refuge en nous servant de tous les moyens de communication dont nous disposons \u00e0 savoir notre page Facebook, notre site internet, des affiches ainsi que la presse locale (radio et journaux).<\/p>\n<p>Ainsi, Nous cr\u00e9ons r\u00e9guli\u00e8rement des \u00e9v\u00e8nements tels que des collectes en magasins qui sont indispensables pour le bon fonctionnement de notre refuge mais aussi des journ\u00e9es portes ouvertes pendant lesquelles nous pr\u00e9sentons les loulous et mettons en avant notre boutique. <\/p>\n<p>  En conclusion Sans vous nous ne pourrions continuer notre combat ! Alors Merci \u00e0 tous !<\/p>\n<p>En effet <a style=\"color: #fff;\" href=\"https:\/\/www.facebook.com\/Un-G%C3%AEte-Une-Gamelle-222602597808496\/?hc_ref=ARRqzsNwVet9OZIRgs4oyiHbw4GBHWYB6_9WoAVnKepgCzPIAFiUSnktv4OrsxYIRjQ\"><\/a><\/p>\n","protected":false},"excerpt":{"rendered":"<p>Chiens \u00e0 l&rsquo;adoption Premi\u00e8rement regardez nos chiens \u00e0 l&rsquo;adoption deuxiemement Chiens \u00e0 l&rsquo;adoption &#8211; adoptez! Premi\u00e8rement, Adh\u00e9rez \u00e0 notre association Adh\u00e9rez \u00e0 notre association T\u00e9l\u00e9charger notre<span class=\"excerpt-hellip\"> [\u2026]<\/span><\/p>\n","protected":false},"author":8,"featured_media":0,"parent":0,"menu_order":0,"comment_status":"closed","ping_status":"closed","template":"","meta":{"footnotes":""},"class_list":["post-11","page","type-page","status-publish","hentry"],"yoast_head":"<!-- This site is optimized with the Yoast SEO plugin v26.1.1 - https:\/\/yoast.com\/wordpress\/plugins\/seo\/ -->\n<title>Chiens \u00e0 l&#039;adoption - Refuge Un g\u00eete une gamelle - Un G\u00eete Une Gamelle<\/title>\n<meta name=\"description\" content=\"Chiens \u00e0 l&#039;adoption - Adoption chien Adoption animaux , chien et chat \u00e0 adopter. C&#039;est une d\u00e9marche s\u00e9rieuse et qui demande de l&#039;implication pour assurer le bien-\u00eatre de l&#039;animal , Recherchez votre compagnon id\u00e9al et aidez nous en r\u00e9alisant un don.\" \/>\n<meta name=\"robots\" content=\"index, follow, max-snippet:-1, max-image-preview:large, max-video-preview:-1\" \/>\n<link rel=\"canonical\" href=\"https:\/\/www.un-gite-une-gamelle.fr\/index.php\/chiens-adoption\/\" \/>\n<meta property=\"og:locale\" content=\"fr_FR\" \/>\n<meta property=\"og:type\" content=\"article\" \/>\n<meta property=\"og:title\" content=\"Chiens \u00e0 l&#039;adoption - Refuge Un g\u00eete une gamelle - Un G\u00eete Une Gamelle\" \/>\n<meta property=\"og:description\" content=\"Chiens \u00e0 l&#039;adoption - Adoption chien Adoption animaux , chien et chat \u00e0 adopter. C&#039;est une d\u00e9marche s\u00e9rieuse et qui demande de l&#039;implication pour assurer le bien-\u00eatre de l&#039;animal , Recherchez votre compagnon id\u00e9al et aidez nous en r\u00e9alisant un don.\" \/>\n<meta property=\"og:url\" content=\"https:\/\/www.un-gite-une-gamelle.fr\/index.php\/chiens-adoption\/\" \/>\n<meta property=\"og:site_name\" content=\"Un G\u00eete Une Gamelle\" \/>\n<meta property=\"article:publisher\" content=\"https:\/\/www.facebook.com\/Un-G%c3%aete-Une-Gamelle-222602597808496\/?hc_ref=ARRqzsNwVet9OZIRgs4oyiHbw4GBHWYB6_9WoAVnKepgCzPIAFiUSnktv4OrsxYIRjQ\" \/>\n<meta property=\"article:modified_time\" content=\"2024-12-20T14:06:12+00:00\" \/>\n<meta property=\"og:image\" content=\"https:\/\/www.un-gite-une-gamelle.fr\/wp-content\/uploads\/2018\/04\/test3.png\" \/>\n\t<meta property=\"og:image:width\" content=\"1200\" \/>\n\t<meta property=\"og:image:height\" content=\"400\" \/>\n\t<meta property=\"og:image:type\" content=\"image\/png\" \/>\n<meta name=\"twitter:card\" content=\"summary_large_image\" \/>\n<meta name=\"twitter:label1\" content=\"Dur\u00e9e de lecture estim\u00e9e\" \/>\n\t<meta name=\"twitter:data1\" content=\"1 minute\" \/>\n<script type=\"application\/ld+json\" class=\"yoast-schema-graph\">{\"@context\":\"https:\/\/schema.org\",\"@graph\":[{\"@type\":\"WebPage\",\"@id\":\"https:\/\/www.un-gite-une-gamelle.fr\/index.php\/chiens-adoption\/\",\"url\":\"https:\/\/www.un-gite-une-gamelle.fr\/index.php\/chiens-adoption\/\",\"name\":\"Chiens \u00e0 l'adoption - Refuge Un g\u00eete une gamelle - Un G\u00eete Une Gamelle\",\"isPartOf\":{\"@id\":\"https:\/\/www.un-gite-une-gamelle.fr\/#website\"},\"datePublished\":\"2018-02-22T07:50:16+00:00\",\"dateModified\":\"2024-12-20T14:06:12+00:00\",\"description\":\"Chiens \u00e0 l'adoption - Adoption chien Adoption animaux , chien et chat \u00e0 adopter. C'est une d\u00e9marche s\u00e9rieuse et qui demande de l'implication pour assurer le bien-\u00eatre de l'animal , Recherchez votre compagnon id\u00e9al et aidez nous en r\u00e9alisant un don.\",\"breadcrumb\":{\"@id\":\"https:\/\/www.un-gite-une-gamelle.fr\/index.php\/chiens-adoption\/#breadcrumb\"},\"inLanguage\":\"fr-FR\",\"potentialAction\":[{\"@type\":\"ReadAction\",\"target\":[\"https:\/\/www.un-gite-une-gamelle.fr\/index.php\/chiens-adoption\/\"]}]},{\"@type\":\"BreadcrumbList\",\"@id\":\"https:\/\/www.un-gite-une-gamelle.fr\/index.php\/chiens-adoption\/#breadcrumb\",\"itemListElement\":[{\"@type\":\"ListItem\",\"position\":1,\"name\":\"Accueil\",\"item\":\"https:\/\/www.un-gite-une-gamelle.fr\/\"},{\"@type\":\"ListItem\",\"position\":2,\"name\":\"Chiens \u00e0 l\u2019adoption\"}]},{\"@type\":\"WebSite\",\"@id\":\"https:\/\/www.un-gite-une-gamelle.fr\/#website\",\"url\":\"https:\/\/www.un-gite-une-gamelle.fr\/\",\"name\":\"Un G\u00eete Une Gamelle\",\"description\":\"Refuge animalier dans les Pyr\u00e9n\u00e9es Orientales\",\"publisher\":{\"@id\":\"https:\/\/www.un-gite-une-gamelle.fr\/#organization\"},\"potentialAction\":[{\"@type\":\"SearchAction\",\"target\":{\"@type\":\"EntryPoint\",\"urlTemplate\":\"https:\/\/www.un-gite-une-gamelle.fr\/?s={search_term_string}\"},\"query-input\":{\"@type\":\"PropertyValueSpecification\",\"valueRequired\":true,\"valueName\":\"search_term_string\"}}],\"inLanguage\":\"fr-FR\"},{\"@type\":\"Organization\",\"@id\":\"https:\/\/www.un-gite-une-gamelle.fr\/#organization\",\"name\":\"un gite une gamelle\",\"url\":\"https:\/\/www.un-gite-une-gamelle.fr\/\",\"logo\":{\"@type\":\"ImageObject\",\"inLanguage\":\"fr-FR\",\"@id\":\"https:\/\/www.un-gite-une-gamelle.fr\/#\/schema\/logo\/image\/\",\"url\":\"https:\/\/www.un-gite-une-gamelle.fr\/wp-content\/uploads\/2018\/04\/affiche.jpg\",\"contentUrl\":\"https:\/\/www.un-gite-une-gamelle.fr\/wp-content\/uploads\/2018\/04\/affiche.jpg\",\"width\":682,\"height\":960,\"caption\":\"un gite une gamelle\"},\"image\":{\"@id\":\"https:\/\/www.un-gite-une-gamelle.fr\/#\/schema\/logo\/image\/\"},\"sameAs\":[\"https:\/\/www.facebook.com\/Un-G\u00eete-Une-Gamelle-222602597808496\/?hc_ref=ARRqzsNwVet9OZIRgs4oyiHbw4GBHWYB6_9WoAVnKepgCzPIAFiUSnktv4OrsxYIRjQ\"]}]}<\/script>\n<!-- \/ Yoast SEO plugin. -->","yoast_head_json":{"title":"Chiens \u00e0 l'adoption - Refuge Un g\u00eete une gamelle - Un G\u00eete Une Gamelle","description":"Chiens \u00e0 l'adoption - Adoption chien Adoption animaux , chien et chat \u00e0 adopter. C'est une d\u00e9marche s\u00e9rieuse et qui demande de l'implication pour assurer le bien-\u00eatre de l'animal , Recherchez votre compagnon id\u00e9al et aidez nous en r\u00e9alisant un don.","robots":{"index":"index","follow":"follow","max-snippet":"max-snippet:-1","max-image-preview":"max-image-preview:large","max-video-preview":"max-video-preview:-1"},"canonical":"https:\/\/www.un-gite-une-gamelle.fr\/index.php\/chiens-adoption\/","og_locale":"fr_FR","og_type":"article","og_title":"Chiens \u00e0 l'adoption - Refuge Un g\u00eete une gamelle - Un G\u00eete Une Gamelle","og_description":"Chiens \u00e0 l'adoption - Adoption chien Adoption animaux , chien et chat \u00e0 adopter. C'est une d\u00e9marche s\u00e9rieuse et qui demande de l'implication pour assurer le bien-\u00eatre de l'animal , Recherchez votre compagnon id\u00e9al et aidez nous en r\u00e9alisant un don.","og_url":"https:\/\/www.un-gite-une-gamelle.fr\/index.php\/chiens-adoption\/","og_site_name":"Un G\u00eete Une Gamelle","article_publisher":"https:\/\/www.facebook.com\/Un-G%c3%aete-Une-Gamelle-222602597808496\/?hc_ref=ARRqzsNwVet9OZIRgs4oyiHbw4GBHWYB6_9WoAVnKepgCzPIAFiUSnktv4OrsxYIRjQ","article_modified_time":"2024-12-20T14:06:12+00:00","og_image":[{"width":1200,"height":400,"url":"https:\/\/www.un-gite-une-gamelle.fr\/wp-content\/uploads\/2018\/04\/test3.png","type":"image\/png"}],"twitter_card":"summary_large_image","twitter_misc":{"Dur\u00e9e de lecture estim\u00e9e":"1 minute"},"schema":{"@context":"https:\/\/schema.org","@graph":[{"@type":"WebPage","@id":"https:\/\/www.un-gite-une-gamelle.fr\/index.php\/chiens-adoption\/","url":"https:\/\/www.un-gite-une-gamelle.fr\/index.php\/chiens-adoption\/","name":"Chiens \u00e0 l'adoption - Refuge Un g\u00eete une gamelle - Un G\u00eete Une Gamelle","isPartOf":{"@id":"https:\/\/www.un-gite-une-gamelle.fr\/#website"},"datePublished":"2018-02-22T07:50:16+00:00","dateModified":"2024-12-20T14:06:12+00:00","description":"Chiens \u00e0 l'adoption - Adoption chien Adoption animaux , chien et chat \u00e0 adopter. C'est une d\u00e9marche s\u00e9rieuse et qui demande de l'implication pour assurer le bien-\u00eatre de l'animal , Recherchez votre compagnon id\u00e9al et aidez nous en r\u00e9alisant un don.","breadcrumb":{"@id":"https:\/\/www.un-gite-une-gamelle.fr\/index.php\/chiens-adoption\/#breadcrumb"},"inLanguage":"fr-FR","potentialAction":[{"@type":"ReadAction","target":["https:\/\/www.un-gite-une-gamelle.fr\/index.php\/chiens-adoption\/"]}]},{"@type":"BreadcrumbList","@id":"https:\/\/www.un-gite-une-gamelle.fr\/index.php\/chiens-adoption\/#breadcrumb","itemListElement":[{"@type":"ListItem","position":1,"name":"Accueil","item":"https:\/\/www.un-gite-une-gamelle.fr\/"},{"@type":"ListItem","position":2,"name":"Chiens \u00e0 l\u2019adoption"}]},{"@type":"WebSite","@id":"https:\/\/www.un-gite-une-gamelle.fr\/#website","url":"https:\/\/www.un-gite-une-gamelle.fr\/","name":"Un G\u00eete Une Gamelle","description":"Refuge animalier dans les Pyr\u00e9n\u00e9es Orientales","publisher":{"@id":"https:\/\/www.un-gite-une-gamelle.fr\/#organization"},"potentialAction":[{"@type":"SearchAction","target":{"@type":"EntryPoint","urlTemplate":"https:\/\/www.un-gite-une-gamelle.fr\/?s={search_term_string}"},"query-input":{"@type":"PropertyValueSpecification","valueRequired":true,"valueName":"search_term_string"}}],"inLanguage":"fr-FR"},{"@type":"Organization","@id":"https:\/\/www.un-gite-une-gamelle.fr\/#organization","name":"un gite une gamelle","url":"https:\/\/www.un-gite-une-gamelle.fr\/","logo":{"@type":"ImageObject","inLanguage":"fr-FR","@id":"https:\/\/www.un-gite-une-gamelle.fr\/#\/schema\/logo\/image\/","url":"https:\/\/www.un-gite-une-gamelle.fr\/wp-content\/uploads\/2018\/04\/affiche.jpg","contentUrl":"https:\/\/www.un-gite-une-gamelle.fr\/wp-content\/uploads\/2018\/04\/affiche.jpg","width":682,"height":960,"caption":"un gite une gamelle"},"image":{"@id":"https:\/\/www.un-gite-une-gamelle.fr\/#\/schema\/logo\/image\/"},"sameAs":["https:\/\/www.facebook.com\/Un-G\u00eete-Une-Gamelle-222602597808496\/?hc_ref=ARRqzsNwVet9OZIRgs4oyiHbw4GBHWYB6_9WoAVnKepgCzPIAFiUSnktv4OrsxYIRjQ"]}]}},"_links":{"self":[{"href":"https:\/\/www.un-gite-une-gamelle.fr\/index.php\/wp-json\/wp\/v2\/pages\/11","targetHints":{"allow":["GET"]}}],"collection":[{"href":"https:\/\/www.un-gite-une-gamelle.fr\/index.php\/wp-json\/wp\/v2\/pages"}],"about":[{"href":"https:\/\/www.un-gite-une-gamelle.fr\/index.php\/wp-json\/wp\/v2\/types\/page"}],"author":[{"embeddable":true,"href":"https:\/\/www.un-gite-une-gamelle.fr\/index.php\/wp-json\/wp\/v2\/users\/8"}],"replies":[{"embeddable":true,"href":"https:\/\/www.un-gite-une-gamelle.fr\/index.php\/wp-json\/wp\/v2\/comments?post=11"}],"version-history":[{"count":9,"href":"https:\/\/www.un-gite-une-gamelle.fr\/index.php\/wp-json\/wp\/v2\/pages\/11\/revisions"}],"predecessor-version":[{"id":403,"href":"https:\/\/www.un-gite-une-gamelle.fr\/index.php\/wp-json\/wp\/v2\/pages\/11\/revisions\/403"}],"wp:attachment":[{"href":"https:\/\/www.un-gite-une-gamelle.fr\/index.php\/wp-json\/wp\/v2\/media?parent=11"}],"curies":[{"name":"wp","href":"https:\/\/api.w.org\/{rel}","templated":true}]}}