{"id":15,"date":"2018-02-22T08:50:48","date_gmt":"2018-02-22T07:50:48","guid":{"rendered":"https:\/\/www.un-gite-une-gamelle.fr\/?page_id=15"},"modified":"2025-07-16T14:37:15","modified_gmt":"2025-07-16T14:37:15","slug":"contact","status":"publish","type":"page","link":"https:\/\/www.un-gite-une-gamelle.fr\/index.php\/contact\/","title":{"rendered":"Contact"},"content":{"rendered":"<p>Tout d&rsquo;abord Contact<\/p>\n<h2>En effet Contact comporte notre adresse<\/h2>\n<p>En conclusion contact n&rsquo;h\u00e9sitez pas \u00e0 nous contacter<\/p>\n<p>Deuxi\u00e8mement Un G\u00eete Une Gamelle<\/p>\n<h3>Un G\u00eete Une Gamelle : Voir tous nos Loulous<\/h3>\n<p><a href=\"https:\/\/www.un-gite-une-gamelle.fr\/index.php\/chiens-adoption\/\">https:\/\/www.un-gite-une-gamelle.fr\/index.php\/chiens-adoption\/<\/a><br \/>\n<a href=\"https:\/\/www.un-gite-une-gamelle.fr\/chiens-adoption\/\">Chiens \u00e0 l&rsquo;adoptions<\/a><\/p>\n<p>https:\/\/www.un-gite-une-gamelle.fr\/chiens-adoption\/<\/p>\n<p>Premi\u00e8rement Venez visiter Un G\u00eete Une Gamelle, refuge pour animaux qui se trouve :<\/p>\n<p style=\"text-align: center;\"><strong>Le Fournils D 900<\/strong><\/p>\n<p style=\"text-align: center;\"><strong>66450 POLLESTRES\u00a0<\/strong><\/p>\n<p>Les horaires sont : <em><strong>sept jours sur sept<\/strong> <strong>de<\/strong><strong> 14H 30 a 18H00.<\/strong><\/em><\/p>\n<h2>Faire un don<\/h2>\n<p><img decoding=\"async\" class=\"scale-with-grid\" src=\"https:\/\/www.un-gite-une-gamelle.fr\/wp-content\/uploads\/2018\/03\/image-chien2.3.png\" alt=\"Contact\" \/><\/p>\n<h2>Boutique en ligne Un G\u00eete Une Gamelle<\/h2>\n<div class=\"column_attr clearfix\">\n<p style=\"color: #069abe; font-size: 50px; line-height: 55px;\">Boutique en ligne<\/p>\n<p>Tout d&rsquo;abord N&rsquo;h\u00e9sitez pas \u00e0 aller faire un tour sur notre boutique pour acheter un de nos produits \u00e0 l&rsquo;effigie d&rsquo;Un Gite Une Gamelle.<br \/>\nCet argent servira au bon fonctionnement de notre refuge.<\/p>\n<p>En effet Sans vous nous ne pourrions continuer notre combat ! En conclusion Merci \u00e0 tous !<\/p>\n<hr class=\"no_line\" style=\"margin: 0 auto 30px;\" \/>\n<p><a class=\"button button_size_2 button_theme button_js\" href=\"https:\/\/www.un-gite-une-gamelle.fr\/notre-boutique\/\"><span class=\"button_label button_boutique\">Voir tous les produits<\/span><\/a><\/p>\n<\/div>\n<p>Premi\u00e8rement, Adh\u00e9rez \u00e0 notre association<\/p>\n<h2 class=\"association\">Adh\u00e9rez \u00e0 notre association<\/h2>\n<div class=\"column_attr clearfix align_center\" style=\"background-color: #679c41; border-radius: 5px;\">\n<h5 style=\"color: #ffffff;\">T\u00e9l\u00e9charger notre formulaire d&rsquo;adh\u00e9sion<\/h5>\n<p>Deuxiement faites un don<\/p>\n<h2>Qui sommes-nous<\/h2>\n<p>Un G\u00eete Une Gamelle est une association loi 1901 \u00e0 but non lucratif d\u00e9clar\u00e9e \u00e0 la pr\u00e9fecture des Pyr\u00e9n\u00e9es Orientales le 22\/04\/2011 sous le num\u00e9ro W662004784 et cr\u00e9\u00e9e par Corinne Legrand actuelle pr\u00e9sidente.<\/p>\n<p>Premi\u00e8rement, Notre association a pour vocation de recueillir des chiens issus de la fourri\u00e8re, d&rsquo;abandons et de r\u00e9quisitions pour maltraitances.<\/p>\n<p>D\u00e8s lors nous pouvons les nourrir, les soigner, les identifier, les vacciner mais aussi les st\u00e9riliser (voir conditions du contrat d&rsquo;adoption si cas particulier) en effet pour \u00e9viter le surpeuplement que nous connaissons actuellement dans les refuges. Ainsi Nous nous occupons \u00e9galement de les sociabiliser et \u00e9ventuellement de les r\u00e9\u00e9duquer dans le but de les faire adopter dans les meilleures conditions possibles.<\/p>\n<p>Afin de donner un maximum de chances aux loulous de trouver ou de retrouver une vie de famille, nous faisons en sorte de faire venir le public dans notre refuge en nous servant de tous les moyens de communication dont nous disposons \u00e0 savoir notre page Facebook, notre site internet, des affiches ainsi que la presse locale (radio et journaux).<\/p>\n<p>Ainsi, Nous cr\u00e9ons r\u00e9guli\u00e8rement des \u00e9v\u00e8nements tels que des collectes en magasins qui sont indispensables pour le bon fonctionnement de notre refuge mais aussi des journ\u00e9es portes ouvertes pendant lesquelles nous pr\u00e9sentons les loulous et mettons en avant notre boutique.<\/p>\n<p>En conclusion Sans vous nous ne pourrions continuer notre combat ! Alors Merci \u00e0 tous !<\/p>\n<p>En effet<\/p>\n<\/div>\n","protected":false},"excerpt":{"rendered":"<p>Tout d&rsquo;abord Contact En effet Contact comporte notre adresse En conclusion contact n&rsquo;h\u00e9sitez pas \u00e0 nous contacter Deuxi\u00e8mement Un G\u00eete Une Gamelle Un G\u00eete Une Gamelle<span class=\"excerpt-hellip\"> [\u2026]<\/span><\/p>\n","protected":false},"author":8,"featured_media":0,"parent":0,"menu_order":0,"comment_status":"closed","ping_status":"closed","template":"","meta":{"footnotes":""},"class_list":["post-15","page","type-page","status-publish","hentry"],"yoast_head":"<!-- This site is optimized with the Yoast SEO plugin v26.1.1 - https:\/\/yoast.com\/wordpress\/plugins\/seo\/ -->\n<title>Contact - Un G\u00eete une Gamelle \u00e0 Rivesaltes -Pyr\u00e9n\u00e9es-Orientales<\/title>\n<meta name=\"description\" content=\"Contact, adresse - Un G\u00eete une Gamelle \u00e0 Rivesaltes -Pyr\u00e9n\u00e9es-Orientales. Adoption chiens et chats. Refuge animalier. #66 #Refuge\" \/>\n<meta name=\"robots\" content=\"index, follow, max-snippet:-1, max-image-preview:large, max-video-preview:-1\" \/>\n<link rel=\"canonical\" href=\"https:\/\/www.un-gite-une-gamelle.fr\/index.php\/contact\/\" \/>\n<meta property=\"og:locale\" content=\"fr_FR\" \/>\n<meta property=\"og:type\" content=\"article\" \/>\n<meta property=\"og:title\" content=\"Contact - Un G\u00eete une Gamelle \u00e0 Rivesaltes -Pyr\u00e9n\u00e9es-Orientales\" \/>\n<meta property=\"og:description\" content=\"Contact, adresse - Un G\u00eete une Gamelle \u00e0 Rivesaltes -Pyr\u00e9n\u00e9es-Orientales. Adoption chiens et chats. Refuge animalier. #66 #Refuge\" \/>\n<meta property=\"og:url\" content=\"https:\/\/www.un-gite-une-gamelle.fr\/index.php\/contact\/\" \/>\n<meta property=\"og:site_name\" content=\"Un G\u00eete Une Gamelle\" \/>\n<meta property=\"article:publisher\" content=\"https:\/\/www.facebook.com\/Un-G%c3%aete-Une-Gamelle-222602597808496\/?hc_ref=ARRqzsNwVet9OZIRgs4oyiHbw4GBHWYB6_9WoAVnKepgCzPIAFiUSnktv4OrsxYIRjQ\" \/>\n<meta property=\"article:modified_time\" content=\"2025-07-16T14:37:15+00:00\" \/>\n<meta property=\"og:image\" content=\"https:\/\/www.un-gite-une-gamelle.fr\/wp-content\/uploads\/2018\/03\/image-chien2.3.png\" \/>\n<meta name=\"twitter:card\" content=\"summary_large_image\" \/>\n<meta name=\"twitter:label1\" content=\"Dur\u00e9e de lecture estim\u00e9e\" \/>\n\t<meta name=\"twitter:data1\" content=\"2 minutes\" \/>\n<script type=\"application\/ld+json\" class=\"yoast-schema-graph\">{\"@context\":\"https:\/\/schema.org\",\"@graph\":[{\"@type\":\"WebPage\",\"@id\":\"https:\/\/www.un-gite-une-gamelle.fr\/index.php\/contact\/\",\"url\":\"https:\/\/www.un-gite-une-gamelle.fr\/index.php\/contact\/\",\"name\":\"Contact - Un G\u00eete une Gamelle \u00e0 Rivesaltes -Pyr\u00e9n\u00e9es-Orientales\",\"isPartOf\":{\"@id\":\"https:\/\/www.un-gite-une-gamelle.fr\/#website\"},\"primaryImageOfPage\":{\"@id\":\"https:\/\/www.un-gite-une-gamelle.fr\/index.php\/contact\/#primaryimage\"},\"image\":{\"@id\":\"https:\/\/www.un-gite-une-gamelle.fr\/index.php\/contact\/#primaryimage\"},\"thumbnailUrl\":\"https:\/\/www.un-gite-une-gamelle.fr\/wp-content\/uploads\/2018\/03\/image-chien2.3.png\",\"datePublished\":\"2018-02-22T07:50:48+00:00\",\"dateModified\":\"2025-07-16T14:37:15+00:00\",\"description\":\"Contact, adresse - Un G\u00eete une Gamelle \u00e0 Rivesaltes -Pyr\u00e9n\u00e9es-Orientales. Adoption chiens et chats. Refuge animalier. #66 #Refuge\",\"breadcrumb\":{\"@id\":\"https:\/\/www.un-gite-une-gamelle.fr\/index.php\/contact\/#breadcrumb\"},\"inLanguage\":\"fr-FR\",\"potentialAction\":[{\"@type\":\"ReadAction\",\"target\":[\"https:\/\/www.un-gite-une-gamelle.fr\/index.php\/contact\/\"]}]},{\"@type\":\"ImageObject\",\"inLanguage\":\"fr-FR\",\"@id\":\"https:\/\/www.un-gite-une-gamelle.fr\/index.php\/contact\/#primaryimage\",\"url\":\"\",\"contentUrl\":\"\"},{\"@type\":\"BreadcrumbList\",\"@id\":\"https:\/\/www.un-gite-une-gamelle.fr\/index.php\/contact\/#breadcrumb\",\"itemListElement\":[{\"@type\":\"ListItem\",\"position\":1,\"name\":\"Accueil\",\"item\":\"https:\/\/www.un-gite-une-gamelle.fr\/\"},{\"@type\":\"ListItem\",\"position\":2,\"name\":\"Contact\"}]},{\"@type\":\"WebSite\",\"@id\":\"https:\/\/www.un-gite-une-gamelle.fr\/#website\",\"url\":\"https:\/\/www.un-gite-une-gamelle.fr\/\",\"name\":\"Un G\u00eete Une Gamelle\",\"description\":\"Refuge animalier dans les Pyr\u00e9n\u00e9es Orientales\",\"publisher\":{\"@id\":\"https:\/\/www.un-gite-une-gamelle.fr\/#organization\"},\"potentialAction\":[{\"@type\":\"SearchAction\",\"target\":{\"@type\":\"EntryPoint\",\"urlTemplate\":\"https:\/\/www.un-gite-une-gamelle.fr\/?s={search_term_string}\"},\"query-input\":{\"@type\":\"PropertyValueSpecification\",\"valueRequired\":true,\"valueName\":\"search_term_string\"}}],\"inLanguage\":\"fr-FR\"},{\"@type\":\"Organization\",\"@id\":\"https:\/\/www.un-gite-une-gamelle.fr\/#organization\",\"name\":\"un gite une gamelle\",\"url\":\"https:\/\/www.un-gite-une-gamelle.fr\/\",\"logo\":{\"@type\":\"ImageObject\",\"inLanguage\":\"fr-FR\",\"@id\":\"https:\/\/www.un-gite-une-gamelle.fr\/#\/schema\/logo\/image\/\",\"url\":\"https:\/\/www.un-gite-une-gamelle.fr\/wp-content\/uploads\/2018\/04\/affiche.jpg\",\"contentUrl\":\"https:\/\/www.un-gite-une-gamelle.fr\/wp-content\/uploads\/2018\/04\/affiche.jpg\",\"width\":682,\"height\":960,\"caption\":\"un gite une gamelle\"},\"image\":{\"@id\":\"https:\/\/www.un-gite-une-gamelle.fr\/#\/schema\/logo\/image\/\"},\"sameAs\":[\"https:\/\/www.facebook.com\/Un-G\u00eete-Une-Gamelle-222602597808496\/?hc_ref=ARRqzsNwVet9OZIRgs4oyiHbw4GBHWYB6_9WoAVnKepgCzPIAFiUSnktv4OrsxYIRjQ\"]}]}<\/script>\n<!-- \/ Yoast SEO plugin. -->","yoast_head_json":{"title":"Contact - Un G\u00eete une Gamelle \u00e0 Rivesaltes -Pyr\u00e9n\u00e9es-Orientales","description":"Contact, adresse - Un G\u00eete une Gamelle \u00e0 Rivesaltes -Pyr\u00e9n\u00e9es-Orientales. Adoption chiens et chats. Refuge animalier. #66 #Refuge","robots":{"index":"index","follow":"follow","max-snippet":"max-snippet:-1","max-image-preview":"max-image-preview:large","max-video-preview":"max-video-preview:-1"},"canonical":"https:\/\/www.un-gite-une-gamelle.fr\/index.php\/contact\/","og_locale":"fr_FR","og_type":"article","og_title":"Contact - Un G\u00eete une Gamelle \u00e0 Rivesaltes -Pyr\u00e9n\u00e9es-Orientales","og_description":"Contact, adresse - Un G\u00eete une Gamelle \u00e0 Rivesaltes -Pyr\u00e9n\u00e9es-Orientales. Adoption chiens et chats. Refuge animalier. #66 #Refuge","og_url":"https:\/\/www.un-gite-une-gamelle.fr\/index.php\/contact\/","og_site_name":"Un G\u00eete Une Gamelle","article_publisher":"https:\/\/www.facebook.com\/Un-G%c3%aete-Une-Gamelle-222602597808496\/?hc_ref=ARRqzsNwVet9OZIRgs4oyiHbw4GBHWYB6_9WoAVnKepgCzPIAFiUSnktv4OrsxYIRjQ","article_modified_time":"2025-07-16T14:37:15+00:00","og_image":[{"url":"https:\/\/www.un-gite-une-gamelle.fr\/wp-content\/uploads\/2018\/03\/image-chien2.3.png","type":"","width":"","height":""}],"twitter_card":"summary_large_image","twitter_misc":{"Dur\u00e9e de lecture estim\u00e9e":"2 minutes"},"schema":{"@context":"https:\/\/schema.org","@graph":[{"@type":"WebPage","@id":"https:\/\/www.un-gite-une-gamelle.fr\/index.php\/contact\/","url":"https:\/\/www.un-gite-une-gamelle.fr\/index.php\/contact\/","name":"Contact - Un G\u00eete une Gamelle \u00e0 Rivesaltes -Pyr\u00e9n\u00e9es-Orientales","isPartOf":{"@id":"https:\/\/www.un-gite-une-gamelle.fr\/#website"},"primaryImageOfPage":{"@id":"https:\/\/www.un-gite-une-gamelle.fr\/index.php\/contact\/#primaryimage"},"image":{"@id":"https:\/\/www.un-gite-une-gamelle.fr\/index.php\/contact\/#primaryimage"},"thumbnailUrl":"https:\/\/www.un-gite-une-gamelle.fr\/wp-content\/uploads\/2018\/03\/image-chien2.3.png","datePublished":"2018-02-22T07:50:48+00:00","dateModified":"2025-07-16T14:37:15+00:00","description":"Contact, adresse - Un G\u00eete une Gamelle \u00e0 Rivesaltes -Pyr\u00e9n\u00e9es-Orientales. Adoption chiens et chats. Refuge animalier. #66 #Refuge","breadcrumb":{"@id":"https:\/\/www.un-gite-une-gamelle.fr\/index.php\/contact\/#breadcrumb"},"inLanguage":"fr-FR","potentialAction":[{"@type":"ReadAction","target":["https:\/\/www.un-gite-une-gamelle.fr\/index.php\/contact\/"]}]},{"@type":"ImageObject","inLanguage":"fr-FR","@id":"https:\/\/www.un-gite-une-gamelle.fr\/index.php\/contact\/#primaryimage","url":"","contentUrl":""},{"@type":"BreadcrumbList","@id":"https:\/\/www.un-gite-une-gamelle.fr\/index.php\/contact\/#breadcrumb","itemListElement":[{"@type":"ListItem","position":1,"name":"Accueil","item":"https:\/\/www.un-gite-une-gamelle.fr\/"},{"@type":"ListItem","position":2,"name":"Contact"}]},{"@type":"WebSite","@id":"https:\/\/www.un-gite-une-gamelle.fr\/#website","url":"https:\/\/www.un-gite-une-gamelle.fr\/","name":"Un G\u00eete Une Gamelle","description":"Refuge animalier dans les Pyr\u00e9n\u00e9es Orientales","publisher":{"@id":"https:\/\/www.un-gite-une-gamelle.fr\/#organization"},"potentialAction":[{"@type":"SearchAction","target":{"@type":"EntryPoint","urlTemplate":"https:\/\/www.un-gite-une-gamelle.fr\/?s={search_term_string}"},"query-input":{"@type":"PropertyValueSpecification","valueRequired":true,"valueName":"search_term_string"}}],"inLanguage":"fr-FR"},{"@type":"Organization","@id":"https:\/\/www.un-gite-une-gamelle.fr\/#organization","name":"un gite une gamelle","url":"https:\/\/www.un-gite-une-gamelle.fr\/","logo":{"@type":"ImageObject","inLanguage":"fr-FR","@id":"https:\/\/www.un-gite-une-gamelle.fr\/#\/schema\/logo\/image\/","url":"https:\/\/www.un-gite-une-gamelle.fr\/wp-content\/uploads\/2018\/04\/affiche.jpg","contentUrl":"https:\/\/www.un-gite-une-gamelle.fr\/wp-content\/uploads\/2018\/04\/affiche.jpg","width":682,"height":960,"caption":"un gite une gamelle"},"image":{"@id":"https:\/\/www.un-gite-une-gamelle.fr\/#\/schema\/logo\/image\/"},"sameAs":["https:\/\/www.facebook.com\/Un-G\u00eete-Une-Gamelle-222602597808496\/?hc_ref=ARRqzsNwVet9OZIRgs4oyiHbw4GBHWYB6_9WoAVnKepgCzPIAFiUSnktv4OrsxYIRjQ"]}]}},"_links":{"self":[{"href":"https:\/\/www.un-gite-une-gamelle.fr\/index.php\/wp-json\/wp\/v2\/pages\/15","targetHints":{"allow":["GET"]}}],"collection":[{"href":"https:\/\/www.un-gite-une-gamelle.fr\/index.php\/wp-json\/wp\/v2\/pages"}],"about":[{"href":"https:\/\/www.un-gite-une-gamelle.fr\/index.php\/wp-json\/wp\/v2\/types\/page"}],"author":[{"embeddable":true,"href":"https:\/\/www.un-gite-une-gamelle.fr\/index.php\/wp-json\/wp\/v2\/users\/8"}],"replies":[{"embeddable":true,"href":"https:\/\/www.un-gite-une-gamelle.fr\/index.php\/wp-json\/wp\/v2\/comments?post=15"}],"version-history":[{"count":6,"href":"https:\/\/www.un-gite-une-gamelle.fr\/index.php\/wp-json\/wp\/v2\/pages\/15\/revisions"}],"predecessor-version":[{"id":7233,"href":"https:\/\/www.un-gite-une-gamelle.fr\/index.php\/wp-json\/wp\/v2\/pages\/15\/revisions\/7233"}],"wp:attachment":[{"href":"https:\/\/www.un-gite-une-gamelle.fr\/index.php\/wp-json\/wp\/v2\/media?parent=15"}],"curies":[{"name":"wp","href":"https:\/\/api.w.org\/{rel}","templated":true}]}}